{"id":708,"date":"2023-12-08T18:10:57","date_gmt":"2023-12-08T17:10:57","guid":{"rendered":"https:\/\/sanghayoga31.fr\/?page_id=708"},"modified":"2025-11-12T19:24:19","modified_gmt":"2025-11-12T18:24:19","slug":"stages-a-venir","status":"publish","type":"page","link":"https:\/\/sanghayoga31.fr\/index.php\/stages-a-venir\/","title":{"rendered":"STAGES \u00c0 VENIR"},"content":{"rendered":"\n<div style=\"height:40px\" aria-hidden=\"true\" class=\"wp-block-spacer\"><\/div>\n\n\n\n<p class=\"has-text-align-center has-medium-font-size\">Une pr\u00e9vision de tous nos ateliers et des stages pour la saison 2023-2024<br>Retrouvez-nous sur Instagram pour avoir les derni\u00e8res informations !<\/p>\n\n\n\n<div style=\"height:40px\" aria-hidden=\"true\" class=\"wp-block-spacer\"><\/div>\n\n\n\n<figure class=\"wp-block-image alignwide size-full\"><img loading=\"lazy\" decoding=\"async\" width=\"1810\" height=\"2560\" src=\"http:\/\/sanghayoga31.fr\/wp-content\/uploads\/2025\/11\/Flyer-stage-de-yoga-15-novembre-2025-2-4-scaled.jpg\" alt=\"\" class=\"wp-image-936\" srcset=\"https:\/\/sanghayoga31.fr\/wp-content\/uploads\/2025\/11\/Flyer-stage-de-yoga-15-novembre-2025-2-4-scaled.jpg 1810w, https:\/\/sanghayoga31.fr\/wp-content\/uploads\/2025\/11\/Flyer-stage-de-yoga-15-novembre-2025-2-4-212x300.jpg 212w, https:\/\/sanghayoga31.fr\/wp-content\/uploads\/2025\/11\/Flyer-stage-de-yoga-15-novembre-2025-2-4-724x1024.jpg 724w, https:\/\/sanghayoga31.fr\/wp-content\/uploads\/2025\/11\/Flyer-stage-de-yoga-15-novembre-2025-2-4-768x1086.jpg 768w, https:\/\/sanghayoga31.fr\/wp-content\/uploads\/2025\/11\/Flyer-stage-de-yoga-15-novembre-2025-2-4-1086x1536.jpg 1086w, https:\/\/sanghayoga31.fr\/wp-content\/uploads\/2025\/11\/Flyer-stage-de-yoga-15-novembre-2025-2-4-1448x2048.jpg 1448w\" sizes=\"auto, (max-width: 1810px) 100vw, 1810px\" \/><\/figure>\n\n\n\n<div style=\"height:40px\" aria-hidden=\"true\" class=\"wp-block-spacer\"><\/div>\n\n\n<div class=\"wp-block-image\">\n<figure class=\"aligncenter size-full is-resized\"><img loading=\"lazy\" decoding=\"async\" width=\"2560\" height=\"3632\" src=\"https:\/\/sanghayoga31.fr\/wp-content\/uploads\/2024\/04\/WEEK-END-OGA-Stage-les-27-et-28-avril-2024.png\" alt=\"\" class=\"wp-image-865\" style=\"width:633px;height:auto\" srcset=\"https:\/\/sanghayoga31.fr\/wp-content\/uploads\/2024\/04\/WEEK-END-OGA-Stage-les-27-et-28-avril-2024.png 2560w, https:\/\/sanghayoga31.fr\/wp-content\/uploads\/2024\/04\/WEEK-END-OGA-Stage-les-27-et-28-avril-2024-211x300.png 211w, https:\/\/sanghayoga31.fr\/wp-content\/uploads\/2024\/04\/WEEK-END-OGA-Stage-les-27-et-28-avril-2024-722x1024.png 722w, https:\/\/sanghayoga31.fr\/wp-content\/uploads\/2024\/04\/WEEK-END-OGA-Stage-les-27-et-28-avril-2024-768x1090.png 768w, https:\/\/sanghayoga31.fr\/wp-content\/uploads\/2024\/04\/WEEK-END-OGA-Stage-les-27-et-28-avril-2024-1083x1536.png 1083w, https:\/\/sanghayoga31.fr\/wp-content\/uploads\/2024\/04\/WEEK-END-OGA-Stage-les-27-et-28-avril-2024-1443x2048.png 1443w\" sizes=\"auto, (max-width: 2560px) 100vw, 2560px\" \/><\/figure>\n<\/div>\n\n\n<div style=\"height:40px\" aria-hidden=\"true\" class=\"wp-block-spacer\"><\/div>\n\n\n\n<hr class=\"wp-block-separator has-text-color has-nv-c-1-color has-alpha-channel-opacity has-nv-c-1-background-color has-background animated backInRight\"\/>\n\n\n\n<div style=\"height:20px\" aria-hidden=\"true\" class=\"wp-block-spacer\"><\/div>\n\n\n\n<p class=\"has-text-align-center\">Veuillez compl\u00e9ter notre formulaire d&rsquo;inscription en ligne juste en dessous ou n&rsquo;h\u00e9sitez pas \u00e0 nous contacter si vous avez des questions !<\/p>\n\n\n\n<div style=\"height:40px\" aria-hidden=\"true\" class=\"wp-block-spacer\"><\/div>\n\n\n\n<div id=\"wp-block-themeisle-blocks-form-f2c5f83f\" class=\"wp-block-themeisle-blocks-form\" data-option-name=\"bf9b28ff82ce323187abc5d0feb0d8f07ecd8436_f2c5f83f\"><form class=\"otter-form__container\">\n<div id=\"wp-block-themeisle-blocks-form-input-9a3907be\" class=\"wp-block-themeisle-blocks-form-input is-style-o-c-one-third\"><label for=\"wp-block-themeisle-blocks-form-input-9a3907be-input\" class=\"otter-form-input-label\"><span class=\"otter-form-input-label__label\">Nom &#8211; Pr\u00e9nom<\/span><span class=\"required\">*<\/span><\/label><input type=\"text\" id=\"wp-block-themeisle-blocks-form-input-9a3907be-input\" required class=\"otter-form-input\"\/><\/div>\n\n\n\n<div id=\"wp-block-themeisle-blocks-form-input-709e0565\" class=\"wp-block-themeisle-blocks-form-input is-style-o-c-one-third\"><label for=\"wp-block-themeisle-blocks-form-input-709e0565-input\" class=\"otter-form-input-label\"><span class=\"otter-form-input-label__label\">Email<\/span><span class=\"required\">*<\/span><\/label><input type=\"email\" id=\"wp-block-themeisle-blocks-form-input-709e0565-input\" required class=\"otter-form-input\"\/><\/div>\n\n\n\n<div id=\"wp-block-themeisle-blocks-form-input-a3a52f13\" class=\"wp-block-themeisle-blocks-form-input is-style-o-c-one-third\"><label for=\"wp-block-themeisle-blocks-form-input-a3a52f13-input\" class=\"otter-form-input-label\"><span class=\"otter-form-input-label__label\">T\u00e9l\u00e9phone<\/span><\/label><input type=\"number\" id=\"wp-block-themeisle-blocks-form-input-a3a52f13-input\" class=\"otter-form-input\"\/><\/div>\n\n\n<div class=\"protection\" aria-hidden=\"true\"><input type=\"hidden\" id=\"wp-block-themeisle-blocks-form-f2c5f83f_nonce_field\" name=\"wp-block-themeisle-blocks-form-f2c5f83f_nonce_field\" value=\"64bb056269\" \/><input type=\"hidden\" name=\"_wp_http_referer\" value=\"\/index.php\/wp-json\/wp\/v2\/pages\/708\" \/><input class=\"o-anti-bot\" type=\"checkbox\"><\/div>\n\n\n<div id=\"wp-block-themeisle-blocks-form-textarea-b3b5d0fd\" class=\"wp-block-themeisle-blocks-form-textarea\"><label for=\"wp-block-themeisle-blocks-form-textarea-b3b5d0fd-input\" class=\"otter-form-textarea-label\"><span class=\"otter-form-textarea-label__label\">Message<\/span><\/label><textarea id=\"wp-block-themeisle-blocks-form-textarea-b3b5d0fd-input\" rows=\"10\" class=\"otter-form-textarea-input\"><\/textarea><\/div>\n\n\n\n<p class=\"has-extra-small-font-size\"><\/p>\n<div class=\"wp-block-button o-center\"><button class=\"wp-block-button__link\" type=\"submit\">ENVOYER<\/button><\/div><\/form><\/div>\n","protected":false},"excerpt":{"rendered":"<p>Une pr\u00e9vision de tous nos ateliers et des stages pour la saison 2023-2024Retrouvez-nous sur Instagram pour avoir les derni\u00e8res informations ! Veuillez compl\u00e9ter notre formulaire d&rsquo;inscription en ligne juste en dessous ou n&rsquo;h\u00e9sitez pas \u00e0 nous contacter si vous avez des questions !<\/p>\n","protected":false},"author":1,"featured_media":0,"parent":0,"menu_order":0,"comment_status":"closed","ping_status":"closed","template":"","meta":{"_uag_custom_page_level_css":"","neve_meta_sidebar":"","neve_meta_container":"","neve_meta_enable_content_width":"","neve_meta_content_width":0,"neve_meta_title_alignment":"","neve_meta_author_avatar":"","neve_post_elements_order":"","neve_meta_disable_header":"","neve_meta_disable_footer":"","neve_meta_disable_title":"on","_themeisle_gutenberg_block_has_review":false,"footnotes":""},"class_list":["post-708","page","type-page","status-publish","hentry"],"aioseo_notices":[],"uagb_featured_image_src":{"full":false,"thumbnail":false,"medium":false,"medium_large":false,"large":false,"1536x1536":false,"2048x2048":false,"neve-blog":false},"uagb_author_info":{"display_name":"Sanghayoga31","author_link":"https:\/\/sanghayoga31.fr\/index.php\/author\/sanghayoga31\/"},"uagb_comment_info":0,"uagb_excerpt":"Une pr\u00e9vision de tous nos ateliers et des stages pour la saison 2023-2024Retrouvez-nous sur Instagram pour avoir les derni\u00e8res informations ! Veuillez compl\u00e9ter notre formulaire d&rsquo;inscription en ligne juste en dessous ou n&rsquo;h\u00e9sitez pas \u00e0 nous contacter si vous avez des questions !","jetpack_sharing_enabled":true,"_links":{"self":[{"href":"https:\/\/sanghayoga31.fr\/index.php\/wp-json\/wp\/v2\/pages\/708","targetHints":{"allow":["GET"]}}],"collection":[{"href":"https:\/\/sanghayoga31.fr\/index.php\/wp-json\/wp\/v2\/pages"}],"about":[{"href":"https:\/\/sanghayoga31.fr\/index.php\/wp-json\/wp\/v2\/types\/page"}],"author":[{"embeddable":true,"href":"https:\/\/sanghayoga31.fr\/index.php\/wp-json\/wp\/v2\/users\/1"}],"replies":[{"embeddable":true,"href":"https:\/\/sanghayoga31.fr\/index.php\/wp-json\/wp\/v2\/comments?post=708"}],"version-history":[{"count":13,"href":"https:\/\/sanghayoga31.fr\/index.php\/wp-json\/wp\/v2\/pages\/708\/revisions"}],"predecessor-version":[{"id":937,"href":"https:\/\/sanghayoga31.fr\/index.php\/wp-json\/wp\/v2\/pages\/708\/revisions\/937"}],"wp:attachment":[{"href":"https:\/\/sanghayoga31.fr\/index.php\/wp-json\/wp\/v2\/media?parent=708"}],"curies":[{"name":"wp","href":"https:\/\/api.w.org\/{rel}","templated":true}]}}