{"id":780,"date":"2023-12-13T17:19:36","date_gmt":"2023-12-13T16:19:36","guid":{"rendered":"https:\/\/sanghayoga31.fr\/?page_id=780"},"modified":"2023-12-14T16:59:04","modified_gmt":"2023-12-14T15:59:04","slug":"faq","status":"publish","type":"page","link":"https:\/\/sanghayoga31.fr\/index.php\/faq\/","title":{"rendered":"FAQ NEW"},"content":{"rendered":"\n<div style=\"height:100px\" aria-hidden=\"true\" class=\"wp-block-spacer\"><\/div>\n\n\n\n<p class=\"has-text-align-center has-medium-font-size\">Quelques r\u00e9ponses \u00e0 vos questions les plus r\u00e9currentes , mais n&rsquo;h\u00e9sitez pas \u00e0 nous <a href=\"https:\/\/sanghayoga31.fr\/index.php\/contact\/\" target=\"_blank\" rel=\"noopener\" title=\"CONTACT\">contacter<\/a> pour toutes autres questions !<\/p>\n\n\n\n<div class=\"wp-block-columns is-layout-flex wp-container-core-columns-is-layout-9d6595d7 wp-block-columns-is-layout-flex\">\n<div class=\"wp-block-column is-layout-flow wp-block-column-is-layout-flow\" style=\"flex-basis:25%\">\n<div style=\"height:736px\" aria-hidden=\"true\" class=\"wp-block-spacer\"><\/div>\n\n\n\n<figure class=\"wp-block-image size-large\"><img loading=\"lazy\" decoding=\"async\" width=\"694\" height=\"1024\" src=\"https:\/\/sanghayoga31.fr\/wp-content\/uploads\/2023\/12\/3-4-694x1024.png\" alt=\"\" class=\"wp-image-799\" srcset=\"https:\/\/sanghayoga31.fr\/wp-content\/uploads\/2023\/12\/3-4-694x1024.png 694w, https:\/\/sanghayoga31.fr\/wp-content\/uploads\/2023\/12\/3-4-203x300.png 203w, https:\/\/sanghayoga31.fr\/wp-content\/uploads\/2023\/12\/3-4-768x1133.png 768w, https:\/\/sanghayoga31.fr\/wp-content\/uploads\/2023\/12\/3-4-1041x1536.png 1041w, https:\/\/sanghayoga31.fr\/wp-content\/uploads\/2023\/12\/3-4-1388x2048.png 1388w\" sizes=\"auto, (max-width: 694px) 100vw, 694px\" \/><\/figure>\n<\/div>\n\n\n\n<div class=\"wp-block-column is-layout-flow wp-block-column-is-layout-flow\" style=\"flex-basis:50%\"><div class=\"wp-block-uagb-faq uagb-faq__outer-wrap uagb-block-4fc8da79 uagb-faq-icon-row uagb-faq-layout-accordion uagb-faq-expand-first-true uagb-faq-inactive-other-true uagb-faq__wrap uagb-buttons-layout-wrap uagb-faq-equal-height     \" data-faqtoggle=\"true\" role=\"tablist\"><div class=\"wp-block-uagb-faq-child uagb-faq-child__outer-wrap uagb-faq-item uagb-block-a6c45c12 \" role=\"tab\" tabindex=\"0\"><div class=\"uagb-faq-questions-button uagb-faq-questions\">\t\t\t<span class=\"uagb-icon uagb-faq-icon-wrap\">\n\t\t\t\t\t\t\t\t<svg xmlns=\"https:\/\/www.w3.org\/2000\/svg\" viewBox= \"0 0 448 512\"><path d=\"M432 256c0 17.69-14.33 32.01-32 32.01H256v144c0 17.69-14.33 31.99-32 31.99s-32-14.3-32-31.99v-144H48c-17.67 0-32-14.32-32-32.01s14.33-31.99 32-31.99H192v-144c0-17.69 14.33-32.01 32-32.01s32 14.32 32 32.01v144h144C417.7 224 432 238.3 432 256z\"><\/path><\/svg>\n\t\t\t\t\t\t\t<\/span>\n\t\t\t\t\t\t<span class=\"uagb-icon-active uagb-faq-icon-wrap\">\n\t\t\t\t\t\t\t\t<svg xmlns=\"https:\/\/www.w3.org\/2000\/svg\" viewBox= \"0 0 448 512\"><path d=\"M400 288h-352c-17.69 0-32-14.32-32-32.01s14.31-31.99 32-31.99h352c17.69 0 32 14.3 32 31.99S417.7 288 400 288z\"><\/path><\/svg>\n\t\t\t\t\t\t\t<\/span>\n\t\t\t<h1 class=\"uagb-question\"> Puis-je faire un cours d&rsquo;essai?<\/h1><\/div><div class=\"uagb-faq-content\"><p>Oui le premier cours est gratuit.<\/p><\/div><\/div><\/div>\n\n\n<div style=\"height:10px\" aria-hidden=\"true\" class=\"wp-block-spacer\"><\/div>\n\n\n<div class=\"wp-block-uagb-faq uagb-faq__outer-wrap uagb-block-ae2920df uagb-faq-icon-row uagb-faq-layout-accordion uagb-faq-expand-first-true uagb-faq-inactive-other-true uagb-faq__wrap uagb-buttons-layout-wrap uagb-faq-equal-height     \" data-faqtoggle=\"true\" role=\"tablist\"><div class=\"wp-block-uagb-faq-child uagb-faq-child__outer-wrap uagb-faq-item uagb-block-6d0d1b16 \" role=\"tab\" tabindex=\"0\"><div class=\"uagb-faq-questions-button uagb-faq-questions\">\t\t\t<span class=\"uagb-icon uagb-faq-icon-wrap\">\n\t\t\t\t\t\t\t\t<svg xmlns=\"https:\/\/www.w3.org\/2000\/svg\" viewBox= \"0 0 448 512\"><path d=\"M432 256c0 17.69-14.33 32.01-32 32.01H256v144c0 17.69-14.33 31.99-32 31.99s-32-14.3-32-31.99v-144H48c-17.67 0-32-14.32-32-32.01s14.33-31.99 32-31.99H192v-144c0-17.69 14.33-32.01 32-32.01s32 14.32 32 32.01v144h144C417.7 224 432 238.3 432 256z\"><\/path><\/svg>\n\t\t\t\t\t\t\t<\/span>\n\t\t\t\t\t\t<span class=\"uagb-icon-active uagb-faq-icon-wrap\">\n\t\t\t\t\t\t\t\t<svg xmlns=\"https:\/\/www.w3.org\/2000\/svg\" viewBox= \"0 0 448 512\"><path d=\"M400 288h-352c-17.69 0-32-14.32-32-32.01s14.31-31.99 32-31.99h352c17.69 0 32 14.3 32 31.99S417.7 288 400 288z\"><\/path><\/svg>\n\t\t\t\t\t\t\t<\/span>\n\t\t\t<span class=\"uagb-question\">Est-ce que je peux commencer le yoga en cours d&rsquo;ann\u00e9e?<\/span><\/div><div class=\"uagb-faq-content\"><p>Oui, m\u00eame si c&rsquo;est toujours mieux de commencer en septembre. Notre enseignement nous permet d&rsquo;accueillir des d\u00e9butants en cours d&rsquo;ann\u00e9e. Mieux vaut tard que jamais.<br>Le tarif prendra en compte la dur\u00e9e de votre participation.<\/p><\/div><\/div><\/div>\n\n\n<div style=\"height:10px\" aria-hidden=\"true\" class=\"wp-block-spacer\"><\/div>\n\n\n<div class=\"wp-block-uagb-faq uagb-faq__outer-wrap uagb-block-7b0f5c8e uagb-faq-icon-row uagb-faq-layout-accordion uagb-faq-expand-first-true uagb-faq-inactive-other-true uagb-faq__wrap uagb-buttons-layout-wrap uagb-faq-equal-height     \" data-faqtoggle=\"true\" role=\"tablist\"><div class=\"wp-block-uagb-faq-child uagb-faq-child__outer-wrap uagb-faq-item uagb-block-bdc8ad2f \" role=\"tab\" tabindex=\"0\"><div class=\"uagb-faq-questions-button uagb-faq-questions\">\t\t\t<span class=\"uagb-icon uagb-faq-icon-wrap\">\n\t\t\t\t\t\t\t\t<svg xmlns=\"https:\/\/www.w3.org\/2000\/svg\" viewBox= \"0 0 448 512\"><path d=\"M432 256c0 17.69-14.33 32.01-32 32.01H256v144c0 17.69-14.33 31.99-32 31.99s-32-14.3-32-31.99v-144H48c-17.67 0-32-14.32-32-32.01s14.33-31.99 32-31.99H192v-144c0-17.69 14.33-32.01 32-32.01s32 14.32 32 32.01v144h144C417.7 224 432 238.3 432 256z\"><\/path><\/svg>\n\t\t\t\t\t\t\t<\/span>\n\t\t\t\t\t\t<span class=\"uagb-icon-active uagb-faq-icon-wrap\">\n\t\t\t\t\t\t\t\t<svg xmlns=\"https:\/\/www.w3.org\/2000\/svg\" viewBox= \"0 0 448 512\"><path d=\"M400 288h-352c-17.69 0-32-14.32-32-32.01s14.31-31.99 32-31.99h352c17.69 0 32 14.3 32 31.99S417.7 288 400 288z\"><\/path><\/svg>\n\t\t\t\t\t\t\t<\/span>\n\t\t\t<span class=\"uagb-question\">Est-il possible de r\u00e9server un cours priv\u00e9?<\/span><\/div><div class=\"uagb-faq-content\"><p>Hors des horaires de cours collectifs, il est possible de r\u00e9server des cours particuliers, ou semi-particuliers (\u00e0 2 ou 3 personnes).<\/p><\/div><\/div><\/div>\n\n\n<div style=\"height:10px\" aria-hidden=\"true\" class=\"wp-block-spacer\"><\/div>\n\n\n<div class=\"wp-block-uagb-faq uagb-faq__outer-wrap uagb-block-9282aeb6 uagb-faq-icon-row uagb-faq-layout-accordion uagb-faq-expand-first-true uagb-faq-inactive-other-true uagb-faq__wrap uagb-buttons-layout-wrap uagb-faq-equal-height     \" data-faqtoggle=\"true\" role=\"tablist\"><div class=\"wp-block-uagb-faq-child uagb-faq-child__outer-wrap uagb-faq-item uagb-block-859c7dac \" role=\"tab\" tabindex=\"0\"><div class=\"uagb-faq-questions-button uagb-faq-questions\">\t\t\t<span class=\"uagb-icon uagb-faq-icon-wrap\">\n\t\t\t\t\t\t\t\t<svg xmlns=\"https:\/\/www.w3.org\/2000\/svg\" viewBox= \"0 0 448 512\"><path d=\"M432 256c0 17.69-14.33 32.01-32 32.01H256v144c0 17.69-14.33 31.99-32 31.99s-32-14.3-32-31.99v-144H48c-17.67 0-32-14.32-32-32.01s14.33-31.99 32-31.99H192v-144c0-17.69 14.33-32.01 32-32.01s32 14.32 32 32.01v144h144C417.7 224 432 238.3 432 256z\"><\/path><\/svg>\n\t\t\t\t\t\t\t<\/span>\n\t\t\t\t\t\t<span class=\"uagb-icon-active uagb-faq-icon-wrap\">\n\t\t\t\t\t\t\t\t<svg xmlns=\"https:\/\/www.w3.org\/2000\/svg\" viewBox= \"0 0 448 512\"><path d=\"M400 288h-352c-17.69 0-32-14.32-32-32.01s14.31-31.99 32-31.99h352c17.69 0 32 14.3 32 31.99S417.7 288 400 288z\"><\/path><\/svg>\n\t\t\t\t\t\t\t<\/span>\n\t\t\t<span class=\"uagb-question\">Que dois-je amener?<\/span><\/div><div class=\"uagb-faq-content\"><p>Un tapis et un coussin pour l&rsquo;assise. <br>Le yoga se pratique en tenue confortable.<\/p><\/div><\/div><\/div>\n\n\n<div style=\"height:10px\" aria-hidden=\"true\" class=\"wp-block-spacer\"><\/div>\n\n\n<div class=\"wp-block-uagb-faq uagb-faq__outer-wrap uagb-block-fa1459a3 uagb-faq-icon-row uagb-faq-layout-accordion uagb-faq-expand-first-true uagb-faq-inactive-other-true uagb-faq__wrap uagb-buttons-layout-wrap uagb-faq-equal-height     \" data-faqtoggle=\"true\" role=\"tablist\"><div class=\"wp-block-uagb-faq-child uagb-faq-child__outer-wrap uagb-faq-item uagb-block-c694e2e1 \" role=\"tab\" tabindex=\"0\"><div class=\"uagb-faq-questions-button uagb-faq-questions\">\t\t\t<span class=\"uagb-icon uagb-faq-icon-wrap\">\n\t\t\t\t\t\t\t\t<svg xmlns=\"https:\/\/www.w3.org\/2000\/svg\" viewBox= \"0 0 448 512\"><path d=\"M432 256c0 17.69-14.33 32.01-32 32.01H256v144c0 17.69-14.33 31.99-32 31.99s-32-14.3-32-31.99v-144H48c-17.67 0-32-14.32-32-32.01s14.33-31.99 32-31.99H192v-144c0-17.69 14.33-32.01 32-32.01s32 14.32 32 32.01v144h144C417.7 224 432 238.3 432 256z\"><\/path><\/svg>\n\t\t\t\t\t\t\t<\/span>\n\t\t\t\t\t\t<span class=\"uagb-icon-active uagb-faq-icon-wrap\">\n\t\t\t\t\t\t\t\t<svg xmlns=\"https:\/\/www.w3.org\/2000\/svg\" viewBox= \"0 0 448 512\"><path d=\"M400 288h-352c-17.69 0-32-14.32-32-32.01s14.31-31.99 32-31.99h352c17.69 0 32 14.3 32 31.99S417.7 288 400 288z\"><\/path><\/svg>\n\t\t\t\t\t\t\t<\/span>\n\t\t\t<span class=\"uagb-question\">Je suis tr\u00e8s raide, est-ce je peux quand m\u00eame pratiquer le yoga?<\/span><\/div><div class=\"uagb-faq-content\"><p>Oui, tout \u00e0 fait.<br>Le yoga vous sera d&rsquo;autant plus b\u00e9n\u00e9fique. <br>La souplesse est un des r\u00e9sultats positifs de la pratique, pas une condition pr\u00e9alable.<br>De plus la pratique est adapt\u00e9e en fonction des possibilit\u00e9s de chacun.<\/p><\/div><\/div><\/div>\n\n\n<div style=\"height:10px\" aria-hidden=\"true\" class=\"wp-block-spacer\"><\/div>\n\n\n<div class=\"wp-block-uagb-faq uagb-faq__outer-wrap uagb-block-68659596 uagb-faq-icon-row uagb-faq-layout-accordion uagb-faq-expand-first-true uagb-faq-inactive-other-true uagb-faq__wrap uagb-buttons-layout-wrap uagb-faq-equal-height     \" data-faqtoggle=\"true\" role=\"tablist\"><div class=\"wp-block-uagb-faq-child uagb-faq-child__outer-wrap uagb-faq-item uagb-block-034f8070 \" role=\"tab\" tabindex=\"0\"><div class=\"uagb-faq-questions-button uagb-faq-questions\">\t\t\t<span class=\"uagb-icon uagb-faq-icon-wrap\">\n\t\t\t\t\t\t\t\t<svg xmlns=\"https:\/\/www.w3.org\/2000\/svg\" viewBox= \"0 0 448 512\"><path d=\"M432 256c0 17.69-14.33 32.01-32 32.01H256v144c0 17.69-14.33 31.99-32 31.99s-32-14.3-32-31.99v-144H48c-17.67 0-32-14.32-32-32.01s14.33-31.99 32-31.99H192v-144c0-17.69 14.33-32.01 32-32.01s32 14.32 32 32.01v144h144C417.7 224 432 238.3 432 256z\"><\/path><\/svg>\n\t\t\t\t\t\t\t<\/span>\n\t\t\t\t\t\t<span class=\"uagb-icon-active uagb-faq-icon-wrap\">\n\t\t\t\t\t\t\t\t<svg xmlns=\"https:\/\/www.w3.org\/2000\/svg\" viewBox= \"0 0 448 512\"><path d=\"M400 288h-352c-17.69 0-32-14.32-32-32.01s14.31-31.99 32-31.99h352c17.69 0 32 14.3 32 31.99S417.7 288 400 288z\"><\/path><\/svg>\n\t\t\t\t\t\t\t<\/span>\n\t\t\t<span class=\"uagb-question\">Peut on pratiquer \u00e0 n&rsquo;importe quel \u00e2ge ?<\/span><\/div><div class=\"uagb-faq-content\"><p>Oui, chaque \u00e9l\u00e8ve adaptera sa pratique \u00e0 ses conditions physiques du moment.<\/p><\/div><\/div><\/div><\/div>\n\n\n\n<div class=\"wp-block-column is-layout-flow wp-block-column-is-layout-flow\" style=\"flex-basis:25%\">\n<figure class=\"wp-block-image size-full is-resized\"><img loading=\"lazy\" decoding=\"async\" width=\"2343\" height=\"3446\" src=\"https:\/\/sanghayoga31.fr\/wp-content\/uploads\/2023\/12\/Puis-je-faire-un-cours-dessai-21-\u00d7-60cm-21-\u00d7-40cm-1200-\u00d7-630px-630-\u00d7-1200px-15-\u00d7-15cm-7.png\" alt=\"\" class=\"wp-image-802\" style=\"object-fit:cover;width:264px;height:auto\" srcset=\"https:\/\/sanghayoga31.fr\/wp-content\/uploads\/2023\/12\/Puis-je-faire-un-cours-dessai-21-\u00d7-60cm-21-\u00d7-40cm-1200-\u00d7-630px-630-\u00d7-1200px-15-\u00d7-15cm-7.png 2343w, https:\/\/sanghayoga31.fr\/wp-content\/uploads\/2023\/12\/Puis-je-faire-un-cours-dessai-21-\u00d7-60cm-21-\u00d7-40cm-1200-\u00d7-630px-630-\u00d7-1200px-15-\u00d7-15cm-7-204x300.png 204w, https:\/\/sanghayoga31.fr\/wp-content\/uploads\/2023\/12\/Puis-je-faire-un-cours-dessai-21-\u00d7-60cm-21-\u00d7-40cm-1200-\u00d7-630px-630-\u00d7-1200px-15-\u00d7-15cm-7-696x1024.png 696w, https:\/\/sanghayoga31.fr\/wp-content\/uploads\/2023\/12\/Puis-je-faire-un-cours-dessai-21-\u00d7-60cm-21-\u00d7-40cm-1200-\u00d7-630px-630-\u00d7-1200px-15-\u00d7-15cm-7-768x1130.png 768w, https:\/\/sanghayoga31.fr\/wp-content\/uploads\/2023\/12\/Puis-je-faire-un-cours-dessai-21-\u00d7-60cm-21-\u00d7-40cm-1200-\u00d7-630px-630-\u00d7-1200px-15-\u00d7-15cm-7-1044x1536.png 1044w, https:\/\/sanghayoga31.fr\/wp-content\/uploads\/2023\/12\/Puis-je-faire-un-cours-dessai-21-\u00d7-60cm-21-\u00d7-40cm-1200-\u00d7-630px-630-\u00d7-1200px-15-\u00d7-15cm-7-1392x2048.png 1392w\" sizes=\"auto, (max-width: 2343px) 100vw, 2343px\" \/><\/figure>\n<\/div>\n<\/div>\n\n\n\n<div style=\"height:20px\" aria-hidden=\"true\" class=\"wp-block-spacer\"><\/div>\n","protected":false},"excerpt":{"rendered":"<p>Quelques r\u00e9ponses \u00e0 vos questions les plus r\u00e9currentes , mais n&rsquo;h\u00e9sitez pas \u00e0 nous contacter pour toutes autres questions !<\/p>\n","protected":false},"author":1,"featured_media":0,"parent":0,"menu_order":0,"comment_status":"closed","ping_status":"closed","template":"","meta":{"_uag_custom_page_level_css":"","neve_meta_sidebar":"","neve_meta_container":"","neve_meta_enable_content_width":"off","neve_meta_content_width":63,"neve_meta_title_alignment":"left","neve_meta_author_avatar":"","neve_post_elements_order":"","neve_meta_disable_header":"","neve_meta_disable_footer":"","neve_meta_disable_title":"on","_themeisle_gutenberg_block_has_review":false,"footnotes":""},"class_list":["post-780","page","type-page","status-publish","hentry"],"aioseo_notices":[],"uagb_featured_image_src":{"full":false,"thumbnail":false,"medium":false,"medium_large":false,"large":false,"1536x1536":false,"2048x2048":false,"neve-blog":false},"uagb_author_info":{"display_name":"Sanghayoga31","author_link":"https:\/\/sanghayoga31.fr\/index.php\/author\/sanghayoga31\/"},"uagb_comment_info":0,"uagb_excerpt":"Quelques r\u00e9ponses \u00e0 vos questions les plus r\u00e9currentes , mais n&rsquo;h\u00e9sitez pas \u00e0 nous contacter pour toutes autres questions !","jetpack_sharing_enabled":true,"_links":{"self":[{"href":"https:\/\/sanghayoga31.fr\/index.php\/wp-json\/wp\/v2\/pages\/780","targetHints":{"allow":["GET"]}}],"collection":[{"href":"https:\/\/sanghayoga31.fr\/index.php\/wp-json\/wp\/v2\/pages"}],"about":[{"href":"https:\/\/sanghayoga31.fr\/index.php\/wp-json\/wp\/v2\/types\/page"}],"author":[{"embeddable":true,"href":"https:\/\/sanghayoga31.fr\/index.php\/wp-json\/wp\/v2\/users\/1"}],"replies":[{"embeddable":true,"href":"https:\/\/sanghayoga31.fr\/index.php\/wp-json\/wp\/v2\/comments?post=780"}],"version-history":[{"count":13,"href":"https:\/\/sanghayoga31.fr\/index.php\/wp-json\/wp\/v2\/pages\/780\/revisions"}],"predecessor-version":[{"id":857,"href":"https:\/\/sanghayoga31.fr\/index.php\/wp-json\/wp\/v2\/pages\/780\/revisions\/857"}],"wp:attachment":[{"href":"https:\/\/sanghayoga31.fr\/index.php\/wp-json\/wp\/v2\/media?parent=780"}],"curies":[{"name":"wp","href":"https:\/\/api.w.org\/{rel}","templated":true}]}}